{"id":10468,"date":"2023-02-06T15:53:40","date_gmt":"2023-02-06T14:53:40","guid":{"rendered":"https:\/\/staging.kayrros.com\/?page_id=10468"},"modified":"2025-09-16T20:53:37","modified_gmt":"2025-09-16T18:53:37","slug":"request-a-demo","status":"publish","type":"page","link":"https:\/\/staging.kayrros.com\/fr\/request-a-demo\/","title":{"rendered":"R\u00e9servez une d\u00e9mo"},"content":{"rendered":"\t\t<div data-elementor-type=\"wp-page\" data-elementor-id=\"10468\" class=\"elementor elementor-10468\" data-elementor-post-type=\"page\">\n\t\t\t\t<div class=\"elementor-element elementor-element-2c2f2e0 e-con-full e-flex e-con e-parent\" data-id=\"2c2f2e0\" data-element_type=\"container\" data-e-type=\"container\" data-settings=\"{&quot;background_background&quot;:&quot;classic&quot;}\">\n\t\t\t\t<div class=\"elementor-element elementor-element-62817dfb elementor-widget__width-inherit elementor-widget elementor-widget-template\" data-id=\"62817dfb\" data-element_type=\"widget\" data-e-type=\"widget\" data-widget_type=\"template.default\">\n\t\t\t\t<div class=\"elementor-widget-container\">\n\t\t\t\t\t\t\t<div class=\"elementor-template\">\n\t\t\t\t\t<\/div>\n\t\t\t\t\t\t<\/div>\n\t\t\t\t<\/div>\n\t\t\t\t<\/div>\n\t\t<div class=\"elementor-element elementor-element-36ab198 e-flex e-con-boxed e-con e-parent\" data-id=\"36ab198\" data-element_type=\"container\" data-e-type=\"container\">\n\t\t\t\t\t<div class=\"e-con-inner\">\n\t\t\t\t<div class=\"elementor-element elementor-element-8380e33 elementor-widget elementor-widget-heading\" data-id=\"8380e33\" data-element_type=\"widget\" data-e-type=\"widget\" data-widget_type=\"heading.default\">\n\t\t\t\t<div class=\"elementor-widget-container\">\n\t\t\t\t\t<h2 class=\"elementor-heading-title elementor-size-default\">REQUEST A DEMO<\/h2>\t\t\t\t<\/div>\n\t\t\t\t<\/div>\n\t\t\t\t\t<\/div>\n\t\t\t\t<\/div>\n\t\t<div class=\"elementor-element elementor-element-1631e508 e-flex e-con-boxed e-con e-parent\" data-id=\"1631e508\" data-element_type=\"container\" data-e-type=\"container\">\n\t\t\t\t\t<div class=\"e-con-inner\">\n\t\t\t\t<div class=\"elementor-element elementor-element-3860c52 elementor-widget elementor-widget-html\" data-id=\"3860c52\" data-element_type=\"widget\" data-e-type=\"widget\" data-widget_type=\"html.default\">\n\t\t\t\t<div class=\"elementor-widget-container\">\n\t\t\t\t\t<script charset=\"utf-8\" type=\"text\/javascript\" src=\"\/\/js-eu1.hsforms.net\/forms\/embed\/v2.js\"><\/script>\n<script>\n  hbspt.forms.create({\n    region: \"eu1\",\n    portalId: \"26199306\",\n    formId: \"2e329fe7-4398-4a37-b7d0-e2f822b6fbc3\",\n    onFormReady: function($form) {\n        $form.find('input[name=\"page_referrer\"]').val(document.referrer);\n    }\n  });\n<\/script>\n<script>\n    window.addEventListener(\"message\", function(event) {\n    if(event.data.type === 'hsFormCallback' && event.data.eventName === 'onFormSubmitted') {\n      _paq.push([\n\t\t\t\t'trackEvent', \n\t\t\t\t'Lead', \n\t\t\t\t'Form Submitted', \n\t\t\t\t'Request A Demo'\n\t\t\t]);\n      window.dataLayer.push({\n        'event': 'hubspot-form-success',\n        'hs-form-guid': event.data.id\n      });\n    }\n});\n<\/script>\t\t\t\t<\/div>\n\t\t\t\t<\/div>\n\t\t\t\t\t<\/div>\n\t\t\t\t<\/div>\n\t\t\t\t<\/div>\n\t\t","protected":false},"excerpt":{"rendered":"<p>DEMANDER UNE D\u00c9MONSTRATION<\/p>","protected":false},"author":24,"featured_media":0,"parent":0,"menu_order":0,"comment_status":"closed","ping_status":"closed","template":"elementor_header_footer","meta":{"_acf_changed":false,"content-type":"","footnotes":""},"class_list":["post-10468","page","type-page","status-publish"],"acf":[],"yoast_head":"<!-- This site is optimized with the Yoast SEO plugin v27.2 - https:\/\/yoast.com\/product\/yoast-seo-wordpress\/ -->\n<title>Request a demo - Kayrros<\/title>\n<meta name=\"description\" content=\"Kayrros satellite-based technology independently measures the footprint of human activity on the environment at a global level\" \/>\n<meta name=\"robots\" content=\"noindex, follow, max-snippet:-1, max-image-preview:large, max-video-preview:-1\" \/>\n<meta property=\"og:locale\" content=\"fr_FR\" \/>\n<meta property=\"og:type\" content=\"article\" \/>\n<meta property=\"og:title\" content=\"Request a demo - Kayrros\" \/>\n<meta property=\"og:description\" content=\"Kayrros satellite-based technology independently measures the footprint of human activity on the environment at a global level\" \/>\n<meta property=\"og:url\" content=\"https:\/\/staging.kayrros.com\/fr\/request-a-demo\/\" \/>\n<meta property=\"og:site_name\" content=\"Kayrros\" \/>\n<meta property=\"article:modified_time\" content=\"2025-09-16T18:53:37+00:00\" \/>\n<meta property=\"og:image\" content=\"https:\/\/staging.kayrros.com\/wp-content\/uploads\/2026\/01\/kayrros_logo_2025.jpeg\" \/>\n\t<meta property=\"og:image:width\" content=\"1250\" \/>\n\t<meta property=\"og:image:height\" content=\"703\" \/>\n\t<meta property=\"og:image:type\" content=\"image\/jpeg\" \/>\n<meta name=\"twitter:card\" content=\"summary_large_image\" \/>\n<meta name=\"twitter:site\" content=\"@Kayrros\" \/>\n<meta name=\"twitter:label1\" content=\"Dur\u00e9e de lecture estim\u00e9e\" \/>\n\t<meta name=\"twitter:data1\" content=\"2 minutes\" \/>\n<script type=\"application\/ld+json\" class=\"yoast-schema-graph\">{\"@context\":\"https:\/\/schema.org\",\"@graph\":[{\"@type\":\"WebPage\",\"@id\":\"https:\/\/staging.kayrros.com\/request-a-demo\/\",\"url\":\"https:\/\/staging.kayrros.com\/request-a-demo\/\",\"name\":\"Request a demo - Kayrros\",\"isPartOf\":{\"@id\":\"https:\/\/staging.kayrros.com\/#website\"},\"datePublished\":\"2023-02-06T14:53:40+00:00\",\"dateModified\":\"2025-09-16T18:53:37+00:00\",\"description\":\"Kayrros satellite-based technology independently measures the footprint of human activity on the environment at a global level\",\"breadcrumb\":{\"@id\":\"https:\/\/staging.kayrros.com\/request-a-demo\/#breadcrumb\"},\"inLanguage\":\"fr-FR\",\"potentialAction\":[{\"@type\":\"ReadAction\",\"target\":[\"https:\/\/staging.kayrros.com\/request-a-demo\/\"]}]},{\"@type\":\"BreadcrumbList\",\"@id\":\"https:\/\/staging.kayrros.com\/request-a-demo\/#breadcrumb\",\"itemListElement\":[{\"@type\":\"ListItem\",\"position\":1,\"name\":\"Home\",\"item\":\"https:\/\/staging.kayrros.com\/fr\/\"},{\"@type\":\"ListItem\",\"position\":2,\"name\":\"Request a demo\"}]},{\"@type\":\"WebSite\",\"@id\":\"https:\/\/staging.kayrros.com\/#website\",\"url\":\"https:\/\/staging.kayrros.com\/\",\"name\":\"Kayrros\",\"description\":\"Disruptive Analytics for Energy Markets\",\"publisher\":{\"@id\":\"https:\/\/staging.kayrros.com\/#organization\"},\"potentialAction\":[{\"@type\":\"SearchAction\",\"target\":{\"@type\":\"EntryPoint\",\"urlTemplate\":\"https:\/\/staging.kayrros.com\/?s={search_term_string}\"},\"query-input\":{\"@type\":\"PropertyValueSpecification\",\"valueRequired\":true,\"valueName\":\"search_term_string\"}}],\"inLanguage\":\"fr-FR\"},{\"@type\":\"Organization\",\"@id\":\"https:\/\/staging.kayrros.com\/#organization\",\"name\":\"Kayrros\",\"url\":\"https:\/\/staging.kayrros.com\/\",\"logo\":{\"@type\":\"ImageObject\",\"inLanguage\":\"fr-FR\",\"@id\":\"https:\/\/staging.kayrros.com\/#\/schema\/logo\/image\/\",\"url\":\"https:\/\/staging.kayrros.com\/wp-content\/uploads\/2026\/03\/kayrros_logo_2025_square.jpg\",\"contentUrl\":\"https:\/\/staging.kayrros.com\/wp-content\/uploads\/2026\/03\/kayrros_logo_2025_square.jpg\",\"width\":512,\"height\":512,\"caption\":\"Kayrros\"},\"image\":{\"@id\":\"https:\/\/staging.kayrros.com\/#\/schema\/logo\/image\/\"},\"sameAs\":[\"https:\/\/x.com\/Kayrros\",\"https:\/\/www.linkedin.com\/company\/kayrros\/\",\"https:\/\/www.youtube.com\/channel\/UCXpOqt_3G3Nk-Oekqqw4J7Q\"]}]}<\/script>\n<!-- \/ Yoast SEO plugin. -->","yoast_head_json":{"title":"R\u00e9servez une d\u00e9mo - Kayrros","description":"Prenez de meilleures d\u00e9cisions en mati\u00e8re d'\u00e9nergie et d'environnement. La technologie satellitaire de Kayrros mesure de mani\u00e8re ind\u00e9pendante l'empreinte de l'activit\u00e9 humaine dans le monde entier.","robots":{"index":"noindex","follow":"follow","max-snippet":"max-snippet:-1","max-image-preview":"max-image-preview:large","max-video-preview":"max-video-preview:-1"},"og_locale":"fr_FR","og_type":"article","og_title":"Request a demo - Kayrros","og_description":"Kayrros satellite-based technology independently measures the footprint of human activity on the environment at a global level","og_url":"https:\/\/staging.kayrros.com\/fr\/request-a-demo\/","og_site_name":"Kayrros","article_modified_time":"2025-09-16T18:53:37+00:00","og_image":[{"width":1250,"height":703,"url":"https:\/\/staging.kayrros.com\/wp-content\/uploads\/2026\/01\/kayrros_logo_2025.jpeg","type":"image\/jpeg"}],"twitter_card":"summary_large_image","twitter_site":"@Kayrros","twitter_misc":{"Dur\u00e9e de lecture estim\u00e9e":"2 minutes"},"schema":{"@context":"https:\/\/schema.org","@graph":[{"@type":"WebPage","@id":"https:\/\/staging.kayrros.com\/request-a-demo\/","url":"https:\/\/staging.kayrros.com\/request-a-demo\/","name":"R\u00e9servez une d\u00e9mo - Kayrros","isPartOf":{"@id":"https:\/\/staging.kayrros.com\/#website"},"datePublished":"2023-02-06T14:53:40+00:00","dateModified":"2025-09-16T18:53:37+00:00","description":"Prenez de meilleures d\u00e9cisions en mati\u00e8re d'\u00e9nergie et d'environnement. La technologie satellitaire de Kayrros mesure de mani\u00e8re ind\u00e9pendante l'empreinte de l'activit\u00e9 humaine dans le monde entier.","breadcrumb":{"@id":"https:\/\/staging.kayrros.com\/request-a-demo\/#breadcrumb"},"inLanguage":"fr-FR","potentialAction":[{"@type":"ReadAction","target":["https:\/\/staging.kayrros.com\/request-a-demo\/"]}]},{"@type":"BreadcrumbList","@id":"https:\/\/staging.kayrros.com\/request-a-demo\/#breadcrumb","itemListElement":[{"@type":"ListItem","position":1,"name":"Home","item":"https:\/\/staging.kayrros.com\/fr\/"},{"@type":"ListItem","position":2,"name":"Request a demo"}]},{"@type":"WebSite","@id":"https:\/\/staging.kayrros.com\/#website","url":"https:\/\/staging.kayrros.com\/","name":"Kayrros","description":"Disruptive Analytics for Energy Markets","publisher":{"@id":"https:\/\/staging.kayrros.com\/#organization"},"potentialAction":[{"@type":"SearchAction","target":{"@type":"EntryPoint","urlTemplate":"https:\/\/staging.kayrros.com\/?s={search_term_string}"},"query-input":{"@type":"PropertyValueSpecification","valueRequired":true,"valueName":"search_term_string"}}],"inLanguage":"fr-FR"},{"@type":"Organization","@id":"https:\/\/staging.kayrros.com\/#organization","name":"Kayrros","url":"https:\/\/staging.kayrros.com\/","logo":{"@type":"ImageObject","inLanguage":"fr-FR","@id":"https:\/\/staging.kayrros.com\/#\/schema\/logo\/image\/","url":"https:\/\/staging.kayrros.com\/wp-content\/uploads\/2026\/03\/kayrros_logo_2025_square.jpg","contentUrl":"https:\/\/staging.kayrros.com\/wp-content\/uploads\/2026\/03\/kayrros_logo_2025_square.jpg","width":512,"height":512,"caption":"Kayrros"},"image":{"@id":"https:\/\/staging.kayrros.com\/#\/schema\/logo\/image\/"},"sameAs":["https:\/\/x.com\/Kayrros","https:\/\/www.linkedin.com\/company\/kayrros\/","https:\/\/www.youtube.com\/channel\/UCXpOqt_3G3Nk-Oekqqw4J7Q"]}]}},"_links":{"self":[{"href":"https:\/\/staging.kayrros.com\/fr\/wp-json\/wp\/v2\/pages\/10468","targetHints":{"allow":["GET"]}}],"collection":[{"href":"https:\/\/staging.kayrros.com\/fr\/wp-json\/wp\/v2\/pages"}],"about":[{"href":"https:\/\/staging.kayrros.com\/fr\/wp-json\/wp\/v2\/types\/page"}],"author":[{"embeddable":true,"href":"https:\/\/staging.kayrros.com\/fr\/wp-json\/wp\/v2\/users\/24"}],"replies":[{"embeddable":true,"href":"https:\/\/staging.kayrros.com\/fr\/wp-json\/wp\/v2\/comments?post=10468"}],"version-history":[{"count":24,"href":"https:\/\/staging.kayrros.com\/fr\/wp-json\/wp\/v2\/pages\/10468\/revisions"}],"predecessor-version":[{"id":22390,"href":"https:\/\/staging.kayrros.com\/fr\/wp-json\/wp\/v2\/pages\/10468\/revisions\/22390"}],"wp:attachment":[{"href":"https:\/\/staging.kayrros.com\/fr\/wp-json\/wp\/v2\/media?parent=10468"}],"curies":[{"name":"wp","href":"https:\/\/api.w.org\/{rel}","templated":true}]}}