{"id":10779,"date":"2023-02-10T13:58:53","date_gmt":"2023-02-10T12:58:53","guid":{"rendered":"https:\/\/staging.kayrros.com\/?page_id=10779"},"modified":"2025-06-27T17:39:35","modified_gmt":"2025-06-27T15:39:35","slug":"disclaimer","status":"publish","type":"page","link":"https:\/\/staging.kayrros.com\/de\/disclaimer\/","title":{"rendered":"Freizeichnungsklausel"},"content":{"rendered":"<div data-elementor-type=\"wp-page\" data-elementor-id=\"10779\" class=\"elementor elementor-10779\" data-elementor-post-type=\"page\">\n\t\t\t\t<div class=\"elementor-element elementor-element-5b877204 e-con-full e-flex e-con e-parent\" data-id=\"5b877204\" data-element_type=\"container\" data-e-type=\"container\" data-settings=\"{&quot;background_background&quot;:&quot;classic&quot;}\">\n\t\t\t\t<div class=\"elementor-element elementor-element-37c878bc elementor-widget__width-inherit elementor-widget elementor-widget-template\" data-id=\"37c878bc\" data-element_type=\"widget\" data-e-type=\"widget\" data-widget_type=\"template.default\">\n\t\t\t\t<div class=\"elementor-widget-container\">\n\t\t\t\t\t\t\t<div class=\"elementor-template\">\n\t\t\t\t\t<\/div>\n\t\t\t\t\t\t<\/div>\n\t\t\t\t<\/div>\n\t\t\t\t<\/div>\n\t\t<div class=\"elementor-element elementor-element-a0008e8 e-flex e-con-boxed e-con e-parent\" data-id=\"a0008e8\" data-element_type=\"container\" data-e-type=\"container\">\n\t\t\t\t\t<div class=\"e-con-inner\">\n\t\t\t\t<div class=\"elementor-element elementor-element-6916b0b elementor-widget elementor-widget-heading\" data-id=\"6916b0b\" data-element_type=\"widget\" data-e-type=\"widget\" data-widget_type=\"heading.default\">\n\t\t\t\t<div class=\"elementor-widget-container\">\n\t\t\t\t\t<h2 class=\"elementor-heading-title elementor-size-default\">Freizeichnungsklausel<\/h2>\t\t\t\t<\/div>\n\t\t\t\t<\/div>\n\t\t\t\t<div class=\"elementor-element elementor-element-0f92baa elementor-widget-divider--view-line elementor-widget elementor-widget-divider\" data-id=\"0f92baa\" data-element_type=\"widget\" data-e-type=\"widget\" data-widget_type=\"divider.default\">\n\t\t\t\t<div class=\"elementor-widget-container\">\n\t\t\t\t\t\t\t<div class=\"elementor-divider\">\n\t\t\t<span class=\"elementor-divider-separator\">\n\t\t\t\t\t\t<\/span>\n\t\t<\/div>\n\t\t\t\t\t\t<\/div>\n\t\t\t\t<\/div>\n\t\t\t\t<div class=\"elementor-element elementor-element-123bd0f elementor-widget elementor-widget-text-editor\" data-id=\"123bd0f\" data-element_type=\"widget\" data-e-type=\"widget\" data-widget_type=\"text-editor.default\">\n\t\t\t\t<div class=\"elementor-widget-container\">\n\t\t\t\t\t\t\t\t\t<p dir=\"ltr\" style=\"line-height: 1.2; background-color: #ffffff; margin-top: 0pt; margin-bottom: 0pt;\"><span style=\"font-size: 12pt; font-family: 'Roboto Slab',serif; color: #000000; background-color: transparent; font-weight: 400; font-style: normal; font-variant: normal; text-decoration: none; vertical-align: baseline; white-space: pre-wrap;\">Dieser Bericht wird von Kayrros SAS (\"Kayrros\") gem\u00e4\u00df den folgenden allgemeinen Gesch\u00e4ftsbedingungen bereitgestellt:<\/span><\/p><p dir=\"ltr\" style=\"line-height: 1.2; background-color: #ffffff; margin-top: 0pt; margin-bottom: 0pt;\">\u00a0<\/p><p dir=\"ltr\" style=\"line-height: 1.2; background-color: #ffffff; margin-top: 0pt; margin-bottom: 0pt;\"><span style=\"font-size: 12pt; font-family: 'Roboto Slab',serif; color: #000000; background-color: transparent; font-weight: 400; font-style: normal; font-variant: normal; text-decoration: none; vertical-align: baseline; white-space: pre-wrap;\">Reports published by Kayrros (\u201cKayrros Reports\u201d) and made available to paid subscribers and\/or other recipients (collectively \u201cRecipients\u201d) <\/span><span style=\"font-size: 12pt; font-family: 'Roboto Slab',serif; color: #000000; background-color: #ffffff; font-weight: 400; font-style: normal; font-variant: normal; text-decoration: none; vertical-align: baseline; white-space: pre-wrap;\">are intended exclusively for the use of their bona fide recipients<\/span><span style=\"font-size: 12pt; font-family: 'Roboto Slab',serif; color: #000000; background-color: transparent; font-weight: 400; font-style: normal; font-variant: normal; text-decoration: none; vertical-align: baseline; white-space: pre-wrap;\">.The information therein is proprietary to Kayrros and protected by copyright. Any copying, distribution or reproduction without the prior permission of Kayrros is strictly prohibited.<\/span><\/p><p dir=\"ltr\" style=\"line-height: 1.2; background-color: #ffffff; margin-top: 0pt; margin-bottom: 0pt;\"><span style=\"font-size: 12pt; font-family: 'Roboto Slab',serif; color: #000000; background-color: transparent; font-weight: 400; font-style: normal; font-variant: normal; text-decoration: none; vertical-align: baseline; white-space: pre-wrap;\">\u00a0<\/span><\/p><p dir=\"ltr\" style=\"line-height: 1.2; background-color: #ffffff; margin-top: 0pt; margin-bottom: 0pt;\"><span style=\"font-size: 12pt; font-family: 'Roboto Slab',serif; color: #000000; background-color: transparent; font-weight: 400; font-style: normal; font-variant: normal; text-decoration: none; vertical-align: baseline; white-space: pre-wrap;\">Kayrros Reports are for informational, educational or evaluation purposes only. Kayrros Reports are provided without any representation or warranty of any kind. Neither Kayrros nor<\/span><span style=\"font-size: 12pt; font-family: 'Roboto Slab',serif; color: #000000; background-color: transparent; font-weight: 400; font-style: normal; font-variant: normal; text-decoration: none; vertical-align: baseline; white-space: pre-wrap;\"><br \/><\/span><span style=\"font-size: 12pt; font-family: 'Roboto Slab',serif; color: #000000; background-color: transparent; font-weight: 400; font-style: normal; font-variant: normal; text-decoration: none; vertical-align: baseline; white-space: pre-wrap;\">its directors, officers, employees, agents or representatives shall have any responsibility to any third party for the accuracy or completeness of any information provided in any Kayrros Report.<\/span><\/p><p dir=\"ltr\" style=\"line-height: 1.2; background-color: #ffffff; margin-top: 0pt; margin-bottom: 0pt;\"><span style=\"font-size: 12pt; font-family: 'Roboto Slab',serif; color: #000000; background-color: transparent; font-weight: 400; font-style: normal; font-variant: normal; text-decoration: none; vertical-align: baseline; white-space: pre-wrap;\">\u00a0<\/span><\/p><p dir=\"ltr\" style=\"line-height: 1.2; background-color: #ffffff; margin-top: 0pt; margin-bottom: 0pt;\"><span style=\"font-size: 12pt; font-family: 'Roboto Slab',serif; color: #000000; background-color: transparent; font-weight: 400; font-style: normal; font-variant: normal; text-decoration: none; vertical-align: baseline; white-space: pre-wrap;\">Kayrros Reports do not constitute any type of advice (including in particular investment or financial advice). In this respect and in particular, Kayrros is not an investment adviser within the meaning of Section 202(a)(11) of the U.S. Investment Advisers Act of 1940, as amended, and is not a commodity trading adviser within the meaning of Section 1(a)(12) of the U.S. Commodity Exchange Act or any similar regulation in other jurisdictions. Kayrros does not provide investment advisory, portfolio management or financial planning services. The analyses, forecasts, metrics, samples, estimated figures, trends, figures, tables, graphs, projections and other forms of data that may be contained in Kayrros Reports do not represent or contain any recommendations to buy or sell any security or any financial products and should not be relied upon as the basis for any transactions in securities.<\/span><\/p><p dir=\"ltr\" style=\"line-height: 1.2; background-color: #ffffff; margin-top: 0pt; margin-bottom: 0pt;\"><span style=\"font-size: 12pt; font-family: 'Roboto Slab',serif; color: #000000; background-color: transparent; font-weight: 400; font-style: normal; font-variant: normal; text-decoration: none; vertical-align: baseline; white-space: pre-wrap;\">\u00a0<\/span><\/p><p dir=\"ltr\" style=\"line-height: 1.2; background-color: #ffffff; margin-top: 0pt; margin-bottom: 0pt;\"><span style=\"font-size: 12pt; font-family: 'Roboto Slab',serif; color: #000000; background-color: transparent; font-weight: 400; font-style: normal; font-variant: normal; text-decoration: none; vertical-align: baseline; white-space: pre-wrap;\">Kayrros and its owners, affiliates and representatives are not (1) investment advisers, commodity trading advisers, broker-dealers, financial analysts, financial planners, or banks, or the like (2) compensated for providing investment advice, (3) registered or licensed with any regulatory body in any jurisdiction as investment advisers, commodity trading advisers, financial planners, broker-dealers, or in any other capacity (including, without limitation, the U.S. Securities &amp; Exchange Commission (the \u201cSEC\u201d), the U.S. Commodity Futures Trading Commission (the \u201cCFTC\u201d), the U.S. Financial Regulatory Authority (\u201cFINRA\u201d), or their equivalents in other. jurisdictions), and do not trade in or recommend the sale or purchase of securities or commodity interests, or (4) licensed or able to provide investment advice or respond to individual requests for recommendations to purchase or sell any securities or commodity interests. No regulatory body in any jurisdiction (including the SEC, CFTC, FINRA, or a similar regulatory body of any state or any other. jurisdiction) has endorsed Kayrros or the contents of Kayrros Reports or the accuracy, adequacy, safety, reliability, usefulness, quality or legitimacy of any information provided to subscribers in Kayrros Reports.<\/span><\/p><p dir=\"ltr\" style=\"line-height: 1.2; background-color: #ffffff; margin-top: 0pt; margin-bottom: 0pt;\"><span style=\"font-size: 12pt; font-family: 'Roboto Slab',serif; color: #000000; background-color: transparent; font-weight: 400; font-style: normal; font-variant: normal; text-decoration: none; vertical-align: baseline; white-space: pre-wrap;\">\u00a0<\/span><\/p><p dir=\"ltr\" style=\"line-height: 1.2; background-color: #ffffff; margin-top: 0pt; margin-bottom: 0pt;\"><span style=\"font-size: 12pt; font-family: 'Roboto Slab',serif; color: #000000; background-color: transparent; font-weight: 400; font-style: normal; font-variant: normal; text-decoration: none; vertical-align: baseline; white-space: pre-wrap;\">Kayrros Reports are creative works of the mind based primarily upon algorithmic analysis of publicly available data and do not use or rely upon any material non-public information (\u201cMNPI\u201d). The insights included in Kayrros Reports do not constitute MNPI or inside information and Kayrros is not an insider. Kayrros Reports (1) may contain opinions based on third party sources that are not independently verified for accuracy or completeness, (2) may contain forward- looking statements, which are identified by words such as \u201cexpects,\u201d \u201canticipates,\u201d \u201cbelieves,\u201d or \u201cestimates,\u201d and similar expressions, and (3) are current as of the date of publication but may contain information or statements that are subject to change without notice. Kayrros has no obligation to, and will not, update any information contained in Kayrros Reports. Actual outcomes could differ materially from those anticipated in Kayrros Reports. As a result, the use of Kayrros Reports is made pursuant to Recipients\u2019 own\u00a0 decision &amp; responsibility.<\/span><\/p><p dir=\"ltr\" style=\"line-height: 1.2; background-color: #ffffff; margin-top: 0pt; margin-bottom: 0pt;\"><span style=\"font-size: 12pt; font-family: 'Roboto Slab',serif; color: #000000; background-color: transparent; font-weight: 400; font-style: normal; font-variant: normal; text-decoration: none; vertical-align: baseline; white-space: pre-wrap;\">\u00a0<\/span><\/p><p dir=\"ltr\" style=\"line-height: 1.2; background-color: #ffffff; margin-top: 0pt; margin-bottom: 0pt;\"><span style=\"font-size: 12pt; font-family: 'Roboto Slab',serif; color: #000000; background-color: transparent; font-weight: 400; font-style: normal; font-variant: normal; text-decoration: none; vertical-align: baseline; white-space: pre-wrap;\">Kayrros Reports are confidential and nothing therein may be disclosed, reproduced, transmitted, distributed, sold, licensed, or altered, in whole or in part, without Kayrros\u2019s prior written consent. Kayrros reserves the right to release to the public at any time the data and reports provided to Recipients. No rights in Kayrros Reports or any of the information contained therein are transferred to Recipients. Any misappropriation or misuse of the information in Kayrros Reports may cause serious damage to Kayrros and money damages may not constitute sufficient compensation to Kayrros; consequently, Recipients agree that in the event of any misappropriation or misuse, Kayrros shall have the right to obtain injunctive relief in addition to any other legal or financial remedies to which Kayrros may be entitled.<\/span><\/p><p><span id=\"docs-internal-guid-3473ec59-7fff-6cc0-250a-2ee8baf80614\">\u00a0<\/span><\/p>\t\t\t\t\t\t\t\t<\/div>\n\t\t\t\t<\/div>\n\t\t\t\t\t<\/div>\n\t\t\t\t<\/div>\n\t\t\t\t<\/div>","protected":false},"excerpt":{"rendered":"<p>Disclaimer This report is provided by Kayrros SAS (\u201cKayrros\u201d) pursuant to the following terms and conditions: \u00a0 Reports published by Kayrros (\u201cKayrros Reports\u201d) and made available to paid subscribers and\/or other recipients (collectively \u201cRecipients\u201d) are intended exclusively for the use of their bona fide recipients.The information therein is proprietary to Kayrros and protected by copyright. &#8230; <a title=\"Freizeichnungsklausel\" class=\"read-more\" href=\"https:\/\/staging.kayrros.com\/de\/disclaimer\/\" aria-label=\"Mehr Informationen \u00fcber Disclaimer\">Weiterlesen<\/a><\/p>","protected":false},"author":24,"featured_media":0,"parent":0,"menu_order":0,"comment_status":"closed","ping_status":"closed","template":"elementor_header_footer","meta":{"_acf_changed":false,"content-type":"","footnotes":""},"class_list":["post-10779","page","type-page","status-publish"],"acf":[],"yoast_head":"<!-- This site is optimized with the Yoast SEO plugin v27.2 - https:\/\/yoast.com\/product\/yoast-seo-wordpress\/ -->\n<title>Disclaimer - Kayrros<\/title>\n<meta name=\"robots\" content=\"noindex, follow, max-snippet:-1, max-image-preview:large, max-video-preview:-1\" \/>\n<meta property=\"og:locale\" content=\"de_DE\" \/>\n<meta property=\"og:type\" content=\"article\" \/>\n<meta property=\"og:title\" content=\"Disclaimer - Kayrros\" \/>\n<meta property=\"og:description\" content=\"Disclaimer This report is provided by Kayrros SAS (\u201cKayrros\u201d) pursuant to the following terms and conditions: \u00a0 Reports published by Kayrros (\u201cKayrros Reports\u201d) and made available to paid subscribers and\/or other recipients (collectively \u201cRecipients\u201d) are intended exclusively for the use of their bona fide recipients.The information therein is proprietary to Kayrros and protected by copyright. ... Weiterlesen\" \/>\n<meta property=\"og:url\" content=\"https:\/\/staging.kayrros.com\/de\/disclaimer\/\" \/>\n<meta property=\"og:site_name\" content=\"Kayrros\" \/>\n<meta property=\"article:modified_time\" content=\"2025-06-27T15:39:35+00:00\" \/>\n<meta property=\"og:image\" content=\"https:\/\/staging.kayrros.com\/wp-content\/uploads\/2026\/01\/kayrros_logo_2025.jpeg\" \/>\n\t<meta property=\"og:image:width\" content=\"1250\" \/>\n\t<meta property=\"og:image:height\" content=\"703\" \/>\n\t<meta property=\"og:image:type\" content=\"image\/jpeg\" \/>\n<meta name=\"twitter:card\" content=\"summary_large_image\" \/>\n<meta name=\"twitter:site\" content=\"@Kayrros\" \/>\n<meta name=\"twitter:label1\" content=\"Gesch\u00e4tzte Lesezeit\" \/>\n\t<meta name=\"twitter:data1\" content=\"4\u00a0Minuten\" \/>\n<script type=\"application\/ld+json\" class=\"yoast-schema-graph\">{\"@context\":\"https:\/\/schema.org\",\"@graph\":[{\"@type\":\"WebPage\",\"@id\":\"https:\/\/staging.kayrros.com\/disclaimer\/\",\"url\":\"https:\/\/staging.kayrros.com\/disclaimer\/\",\"name\":\"Disclaimer - Kayrros\",\"isPartOf\":{\"@id\":\"https:\/\/staging.kayrros.com\/#website\"},\"datePublished\":\"2023-02-10T12:58:53+00:00\",\"dateModified\":\"2025-06-27T15:39:35+00:00\",\"breadcrumb\":{\"@id\":\"https:\/\/staging.kayrros.com\/disclaimer\/#breadcrumb\"},\"inLanguage\":\"de\",\"potentialAction\":[{\"@type\":\"ReadAction\",\"target\":[\"https:\/\/staging.kayrros.com\/disclaimer\/\"]}]},{\"@type\":\"BreadcrumbList\",\"@id\":\"https:\/\/staging.kayrros.com\/disclaimer\/#breadcrumb\",\"itemListElement\":[{\"@type\":\"ListItem\",\"position\":1,\"name\":\"Home\",\"item\":\"https:\/\/staging.kayrros.com\/de\/\"},{\"@type\":\"ListItem\",\"position\":2,\"name\":\"Disclaimer\"}]},{\"@type\":\"WebSite\",\"@id\":\"https:\/\/staging.kayrros.com\/#website\",\"url\":\"https:\/\/staging.kayrros.com\/\",\"name\":\"Kayrros\",\"description\":\"Disruptive Analytics for Energy Markets\",\"publisher\":{\"@id\":\"https:\/\/staging.kayrros.com\/#organization\"},\"potentialAction\":[{\"@type\":\"SearchAction\",\"target\":{\"@type\":\"EntryPoint\",\"urlTemplate\":\"https:\/\/staging.kayrros.com\/?s={search_term_string}\"},\"query-input\":{\"@type\":\"PropertyValueSpecification\",\"valueRequired\":true,\"valueName\":\"search_term_string\"}}],\"inLanguage\":\"de\"},{\"@type\":\"Organization\",\"@id\":\"https:\/\/staging.kayrros.com\/#organization\",\"name\":\"Kayrros\",\"url\":\"https:\/\/staging.kayrros.com\/\",\"logo\":{\"@type\":\"ImageObject\",\"inLanguage\":\"de\",\"@id\":\"https:\/\/staging.kayrros.com\/#\/schema\/logo\/image\/\",\"url\":\"https:\/\/staging.kayrros.com\/wp-content\/uploads\/2026\/03\/kayrros_logo_2025_square.jpg\",\"contentUrl\":\"https:\/\/staging.kayrros.com\/wp-content\/uploads\/2026\/03\/kayrros_logo_2025_square.jpg\",\"width\":512,\"height\":512,\"caption\":\"Kayrros\"},\"image\":{\"@id\":\"https:\/\/staging.kayrros.com\/#\/schema\/logo\/image\/\"},\"sameAs\":[\"https:\/\/x.com\/Kayrros\",\"https:\/\/www.linkedin.com\/company\/kayrros\/\",\"https:\/\/www.youtube.com\/channel\/UCXpOqt_3G3Nk-Oekqqw4J7Q\"]}]}<\/script>\n<!-- \/ Yoast SEO plugin. -->","yoast_head_json":{"title":"Freizeichnungsklausel - Kayrros","robots":{"index":"noindex","follow":"follow","max-snippet":"max-snippet:-1","max-image-preview":"max-image-preview:large","max-video-preview":"max-video-preview:-1"},"og_locale":"de_DE","og_type":"article","og_title":"Disclaimer - Kayrros","og_description":"Disclaimer This report is provided by Kayrros SAS (\u201cKayrros\u201d) pursuant to the following terms and conditions: \u00a0 Reports published by Kayrros (\u201cKayrros Reports\u201d) and made available to paid subscribers and\/or other recipients (collectively \u201cRecipients\u201d) are intended exclusively for the use of their bona fide recipients.The information therein is proprietary to Kayrros and protected by copyright. ... Weiterlesen","og_url":"https:\/\/staging.kayrros.com\/de\/disclaimer\/","og_site_name":"Kayrros","article_modified_time":"2025-06-27T15:39:35+00:00","og_image":[{"width":1250,"height":703,"url":"https:\/\/staging.kayrros.com\/wp-content\/uploads\/2026\/01\/kayrros_logo_2025.jpeg","type":"image\/jpeg"}],"twitter_card":"summary_large_image","twitter_site":"@Kayrros","twitter_misc":{"Gesch\u00e4tzte Lesezeit":"4\u00a0Minuten"},"schema":{"@context":"https:\/\/schema.org","@graph":[{"@type":"WebPage","@id":"https:\/\/staging.kayrros.com\/disclaimer\/","url":"https:\/\/staging.kayrros.com\/disclaimer\/","name":"Freizeichnungsklausel - Kayrros","isPartOf":{"@id":"https:\/\/staging.kayrros.com\/#website"},"datePublished":"2023-02-10T12:58:53+00:00","dateModified":"2025-06-27T15:39:35+00:00","breadcrumb":{"@id":"https:\/\/staging.kayrros.com\/disclaimer\/#breadcrumb"},"inLanguage":"de","potentialAction":[{"@type":"ReadAction","target":["https:\/\/staging.kayrros.com\/disclaimer\/"]}]},{"@type":"BreadcrumbList","@id":"https:\/\/staging.kayrros.com\/disclaimer\/#breadcrumb","itemListElement":[{"@type":"ListItem","position":1,"name":"Home","item":"https:\/\/staging.kayrros.com\/de\/"},{"@type":"ListItem","position":2,"name":"Disclaimer"}]},{"@type":"WebSite","@id":"https:\/\/staging.kayrros.com\/#website","url":"https:\/\/staging.kayrros.com\/","name":"Kayrros","description":"Disruptive Analytics for Energy Markets","publisher":{"@id":"https:\/\/staging.kayrros.com\/#organization"},"potentialAction":[{"@type":"SearchAction","target":{"@type":"EntryPoint","urlTemplate":"https:\/\/staging.kayrros.com\/?s={search_term_string}"},"query-input":{"@type":"PropertyValueSpecification","valueRequired":true,"valueName":"search_term_string"}}],"inLanguage":"de"},{"@type":"Organization","@id":"https:\/\/staging.kayrros.com\/#organization","name":"Kayrros","url":"https:\/\/staging.kayrros.com\/","logo":{"@type":"ImageObject","inLanguage":"de","@id":"https:\/\/staging.kayrros.com\/#\/schema\/logo\/image\/","url":"https:\/\/staging.kayrros.com\/wp-content\/uploads\/2026\/03\/kayrros_logo_2025_square.jpg","contentUrl":"https:\/\/staging.kayrros.com\/wp-content\/uploads\/2026\/03\/kayrros_logo_2025_square.jpg","width":512,"height":512,"caption":"Kayrros"},"image":{"@id":"https:\/\/staging.kayrros.com\/#\/schema\/logo\/image\/"},"sameAs":["https:\/\/x.com\/Kayrros","https:\/\/www.linkedin.com\/company\/kayrros\/","https:\/\/www.youtube.com\/channel\/UCXpOqt_3G3Nk-Oekqqw4J7Q"]}]}},"_links":{"self":[{"href":"https:\/\/staging.kayrros.com\/de\/wp-json\/wp\/v2\/pages\/10779","targetHints":{"allow":["GET"]}}],"collection":[{"href":"https:\/\/staging.kayrros.com\/de\/wp-json\/wp\/v2\/pages"}],"about":[{"href":"https:\/\/staging.kayrros.com\/de\/wp-json\/wp\/v2\/types\/page"}],"author":[{"embeddable":true,"href":"https:\/\/staging.kayrros.com\/de\/wp-json\/wp\/v2\/users\/24"}],"replies":[{"embeddable":true,"href":"https:\/\/staging.kayrros.com\/de\/wp-json\/wp\/v2\/comments?post=10779"}],"version-history":[{"count":9,"href":"https:\/\/staging.kayrros.com\/de\/wp-json\/wp\/v2\/pages\/10779\/revisions"}],"predecessor-version":[{"id":20973,"href":"https:\/\/staging.kayrros.com\/de\/wp-json\/wp\/v2\/pages\/10779\/revisions\/20973"}],"wp:attachment":[{"href":"https:\/\/staging.kayrros.com\/de\/wp-json\/wp\/v2\/media?parent=10779"}],"curies":[{"name":"wp","href":"https:\/\/api.w.org\/{rel}","templated":true}]}}